{"id":524,"date":"2021-01-11T21:35:52","date_gmt":"2021-01-11T20:35:52","guid":{"rendered":"https:\/\/snudifo84.com\/?page_id=524"},"modified":"2025-03-06T00:35:25","modified_gmt":"2025-03-05T23:35:25","slug":"droit-syndical-droit-de-greve","status":"publish","type":"page","link":"https:\/\/snudifo84.com\/index.php\/droit-syndical-droit-de-greve\/","title":{"rendered":"Droit syndical-Droit de gr\u00e8ve-Formation syndicale"},"content":{"rendered":"<hr \/>\n<p>&nbsp;<\/p>\n<h1 style=\"text-align: center;\"><span style=\"color: #ff0000;\">Pour le Congr\u00e8s du syndicat du 23 mai 2025<br \/>\n<\/span><span style=\"color: #ff0000;\"><strong>2 documents \u00e0 adresser \u00e0 votre IEN<\/strong><\/span><\/h1>\n<h2 style=\"text-align: center;\"><a href=\"https:\/\/snudifo84.com\/wp-content\/uploads\/2025\/03\/Convocation-congres-23-mai-2025.doc\">\u00a0La Convocation congr\u00e8s 23 mai 2025<\/a><\/h2>\n<h2 style=\"text-align: center;\"><a href=\"https:\/\/snudifo84.com\/wp-content\/uploads\/2025\/03\/PE-Demande-dabsence-congres-23-mai.pdf\"><strong><span style=\"color: #339966;\">Le Formulaire de demande d&rsquo;absence <span style=\"color: #ff0000;\">pour les PE <\/span><\/span><\/strong><\/a><\/h2>\n<h2 style=\"text-align: center;\"><a href=\"https:\/\/snudifo84.com\/wp-content\/uploads\/2025\/03\/AESH-Demande-dabsence-congres-23-mai.pdf\"><strong><span style=\"color: #339966;\">Le Formulaire de demande d&rsquo;absence <span style=\"color: #0000ff;\">pour les AESH<\/span><\/span><\/strong><\/a><\/h2>\n<h2 style=\"text-align: center;\"><strong><br \/>\n<\/strong><span style=\"color: #339966;\"><strong><br \/>\n<\/strong><\/span><\/h2>\n<hr \/>\n<h2 style=\"text-align: center;\">Formulaire de\u00a0<span style=\"color: #0000ff;\"><a style=\"color: #0000ff;\" href=\"https:\/\/snudifo84.com\/wp-content\/uploads\/2023\/03\/Declaration-dintention-de-greve-1.doc\">D\u00e9claration d&rsquo;intention de gr\u00e8ve\u00a0<\/a><\/span><\/h2>\n<p style=\"text-align: center;\"><strong>\u00e0 adresser \u00e0 votre IEN (toutes les pr\u00e9cisions n\u00e9cessaires sur le document)<\/strong><\/p>\n<h2 style=\"text-align: center;\"><span style=\"color: #ff0000;\">Attention ! Apr\u00e8s une gr\u00e8ve, un gr\u00e9viste n&rsquo;a pas \u00e0 se signaler !<\/span><br \/>\n<span style=\"color: #0000ff;\"><a style=\"color: #0000ff;\" href=\"https:\/\/snudifo84.com\/wp-content\/uploads\/2023\/02\/Formulaire-Absences-de-service-fait-apres-une-greve-.pdf\"><strong>Lire notre lettre du 1er f\u00e9vrier 2023 \u00e0 la Directrice Acad\u00e9mique<\/strong><\/a><\/span><\/h2>\n<h2 style=\"text-align: center;\"><span style=\"color: #ff0000;\">R\u00e9union d\u2019information syndicale : la participation est un DROIT<\/span><br \/>\n<span style=\"color: #ff0000;\">et les r\u00e9unions sont ouvertes \u00e0 tous, syndiqu\u00e9s ou pas.<\/span><\/h2>\n<h2>Vous avez droit \u00e0\u00a09h sur l\u2019ann\u00e9e\u00a0:\u00a0<span style=\"color: #0000ff;\">3 heures prises sur le temps d\u2019enseignement<\/span>\u00a0(classe ou APC) et\u00a0<span style=\"color: #0000ff;\">6 heures prises sur le temps de r\u00e9unions ou de formation<\/span>.<\/h2>\n<p>Informez votre IEN (au plus tard 48 h avant la r\u00e9union si celle-ci se place\u00a0<u>pendant le temps de travail avec les \u00e9l\u00e8ves<\/u>).<br \/>\nPour les r\u00e9unions\u00a0<u>hors temps de travail<\/u>, si vous ne souhaitez pas r\u00e9cup\u00e9rer les heures, aucun formulaire n\u2019est \u00e0 renvoyer \u00e0 l\u2019IEN.<br \/>\n<strong><u><br \/>\nVoici les formulaires \u00e0 transmettre \u00e0 l\u2019IEN<\/u><br \/>\n<\/strong><strong>\u2013 le formulaire administratif\u00a0<\/strong><a href=\"http:\/\/snudifo84.com\/wp-content\/uploads\/2020\/09\/demande-absence-RIS.pdf\"><strong>&lt;ici&gt;<\/strong><\/a>\u00a0<strong>ou en fichier joint<\/strong><strong>\u00a0sur lequel vous indiquez la date des heures d\u2019absence (temps en pr\u00e9sence des \u00e9l\u00e8ves ou, si vous la connaissez, l\u2019animation p\u00e9dagogique, la r\u00e9union quelconque \u00e0 laquelle vous n\u2019assisterez pas\u2026)<\/strong><strong><br \/>\n<\/strong><strong>\u2013 l\u2019avis de participation<\/strong><strong>\u00a0<a href=\"https:\/\/snudifo84.com\/wp-content\/uploads\/2021\/01\/Avis-RIS.doc\">&lt;ici&gt; (doc)<\/a>\u00a0<\/strong><strong>ou en fichier joint<\/strong>\u00a0<strong>qui vous permet de<\/strong>\u00a0<strong>pr\u00e9ciser la nature des heures que la RIS remplace conform\u00e9ment au d\u00e9cret 447 du 23.05.1982.<\/strong><\/p>\n<p><a href=\"https:\/\/snudifo84.com\/wp-content\/uploads\/2023\/06\/Demande-absence-Reunion-dinformation.xls\">Demande-absence-R\u00e9union d&rsquo;information<\/a><\/p>\n<h2 style=\"text-align: center;\"><a href=\"https:\/\/snudifo84.com\/wp-content\/uploads\/2021\/09\/Reunions-dinfo-syndicaleAESH.pdf\"><span style=\"color: #ff0000;\">AESH : le droit aux R\u00e9unions d\u2019information syndicale<br \/>\n<\/span><span style=\"color: #0000ff;\">pendant le temps de travail<\/span><\/a><\/h2>\n<h2 style=\"text-align: center;\"><span style=\"color: #ff0000;\">A propos de la \u00ab\u00a0<em>p\u00e9riode de r\u00e9serve<\/em>\u00a0\u00bb \u00e0 l&rsquo;occasion des \u00e9lections politiques :<\/span><strong><br \/>\nd<\/strong><strong>e quoi s&rsquo;agit-il ? Qui cela concerne-t-il ?<\/strong><br \/>\n<strong>Ne nous laissons pas abuser !\u00a0<span style=\"color: #ff0000;\"> <a style=\"color: #ff0000;\" href=\"https:\/\/snudifo84.com\/wp-content\/uploads\/2022\/05\/periode-de-reserve.pdf\">&gt;ici&lt; la r\u00e9glementation et vos droits<\/a><\/span><\/strong><\/h2>\n<p>&nbsp;<\/p>\n<h3><b><span style=\"color: #ff0000;\">Stage syndical &#8211; 18 novembre 2022<\/span><i><br \/>\nLes enseignants et AESH ne peuvent compenser <\/i><\/b><b><i>ni porter la responsabilit\u00e9 des d\u00e9faillances de l\u2019\u00c9tat <\/i><\/b><b><i>dans la scolarisation des \u00e9l\u00e8ves en situation de handicap !<\/i><\/b><\/h3>\n<p><strong>Adaptation Scolaire et Scolarisation des \u00e9l\u00e8ves en <\/strong><strong>situation de handicap, Inclusion scolaire syst\u00e9matique&#8230;<\/strong><\/p>\n<h3><span style=\"color: #ff0000;\"><strong>D\u00e9marches pour participer au stage de formation syndicale \u00e0 accomplie au plus tard 1 mois avant le stage<span style=\"color: #000000;\"> (L&rsquo;Administration doit \u00eatre imp\u00e9rativement inform\u00e9e AVANT LE 18 OCTOBRE !)<\/span><\/strong><\/span><\/h3>\n<p><strong><span style=\"color: #0000ff;\"><a style=\"color: #0000ff;\" href=\"https:\/\/forms.gle\/aHGnnPSgPG9zyu5p6\">Formulaire d&rsquo;inscription aupr\u00e8s du syndicat<\/a><\/span><span style=\"color: #0000ff;\"><br \/>\n<a style=\"font-family: Arial, Helvetica, sans-serif; font-size: 14px; color: #0000ff;\" href=\"https:\/\/snudifo84.com\/wp-content\/uploads\/2022\/09\/Stage-lettre-a-lIEN.rtf\">stage &#8211; lettre \u00e0 adresser \u00e0 l&rsquo;IEN<\/a><br \/>\n<\/span><\/strong><span style=\"color: #0000ff;\"><strong><a style=\"color: #0000ff;\" href=\"https:\/\/snudifo84.com\/wp-content\/uploads\/2022\/09\/Demande-ASA-a-completer.xls\">Demande d&rsquo;ASA \u00e0 compl\u00e9ter et \u00e0 adresser \u00e0 l&rsquo;IEN<\/a><\/strong><\/span><\/p>\n<p><img loading=\"lazy\" decoding=\"async\" class=\"alignnone size-medium wp-image-1567\" src=\"https:\/\/snudifo84.com\/wp-content\/uploads\/2022\/09\/stage-18.11.2022-182x300.png\" alt=\"\" width=\"182\" height=\"300\" srcset=\"https:\/\/snudifo84.com\/wp-content\/uploads\/2022\/09\/stage-18.11.2022-182x300.png 182w, https:\/\/snudifo84.com\/wp-content\/uploads\/2022\/09\/stage-18.11.2022-620x1024.png 620w, https:\/\/snudifo84.com\/wp-content\/uploads\/2022\/09\/stage-18.11.2022-768x1269.png 768w, https:\/\/snudifo84.com\/wp-content\/uploads\/2022\/09\/stage-18.11.2022.png 885w\" sizes=\"auto, (max-width: 182px) 100vw, 182px\" \/><\/p>\n<h2 style=\"text-align: center;\">La proc\u00e9dure pour pouvoir voter aux \u00e9lections professionnelles<\/h2>\n<p><img loading=\"lazy\" decoding=\"async\" class=\"aligncenter\" src=\"https:\/\/snudifo84.com\/wp-content\/uploads\/2022\/11\/Didacticiel-1.jpg\" width=\"675\" height=\"912\" \/><\/p>\n<p><img loading=\"lazy\" decoding=\"async\" class=\"aligncenter\" src=\"https:\/\/snudifo84.com\/wp-content\/uploads\/2022\/11\/Didacticiel-2.jpg\" width=\"626\" height=\"957\" \/><\/p>\n<p>&nbsp;<\/p>\n","protected":false},"excerpt":{"rendered":"<p>&nbsp; Pour le Congr\u00e8s du syndicat du 23 mai 2025 2 documents \u00e0 adresser \u00e0 votre IEN \u00a0La Convocation congr\u00e8s 23 mai 2025 Le Formulaire de demande d&rsquo;absence pour les PE Le Formulaire de demande d&rsquo;absence pour les AESH Formulaire de\u00a0D\u00e9claration d&rsquo;intention de gr\u00e8ve\u00a0 \u00e0 adresser \u00e0 votre IEN (toutes&#8230;<br \/><a class=\"read-more-button\" href=\"https:\/\/snudifo84.com\/index.php\/droit-syndical-droit-de-greve\/\">Read more<\/a><\/p>\n","protected":false},"author":1,"featured_media":0,"parent":0,"menu_order":0,"comment_status":"closed","ping_status":"closed","template":"","meta":{"footnotes":""},"class_list":["post-524","page","type-page","status-publish","hentry"],"_links":{"self":[{"href":"https:\/\/snudifo84.com\/index.php\/wp-json\/wp\/v2\/pages\/524","targetHints":{"allow":["GET"]}}],"collection":[{"href":"https:\/\/snudifo84.com\/index.php\/wp-json\/wp\/v2\/pages"}],"about":[{"href":"https:\/\/snudifo84.com\/index.php\/wp-json\/wp\/v2\/types\/page"}],"author":[{"embeddable":true,"href":"https:\/\/snudifo84.com\/index.php\/wp-json\/wp\/v2\/users\/1"}],"replies":[{"embeddable":true,"href":"https:\/\/snudifo84.com\/index.php\/wp-json\/wp\/v2\/comments?post=524"}],"version-history":[{"count":51,"href":"https:\/\/snudifo84.com\/index.php\/wp-json\/wp\/v2\/pages\/524\/revisions"}],"predecessor-version":[{"id":3546,"href":"https:\/\/snudifo84.com\/index.php\/wp-json\/wp\/v2\/pages\/524\/revisions\/3546"}],"wp:attachment":[{"href":"https:\/\/snudifo84.com\/index.php\/wp-json\/wp\/v2\/media?parent=524"}],"curies":[{"name":"wp","href":"https:\/\/api.w.org\/{rel}","templated":true}]}}