{"id":447,"date":"2020-12-21T18:14:05","date_gmt":"2020-12-21T17:14:05","guid":{"rendered":"https:\/\/snudifo84.com\/?page_id=447"},"modified":"2025-12-14T20:47:04","modified_gmt":"2025-12-14T19:47:04","slug":"presse-positions","status":"publish","type":"page","link":"https:\/\/snudifo84.com\/index.php\/presse-positions\/","title":{"rendered":"Presse &#8211; Positions"},"content":{"rendered":"<p><a href=\"https:\/\/snudifo84.com\/wp-content\/uploads\/2025\/12\/Bulletin-n\u00b0475.pdf\"><strong><span style=\"color: #0000ff;\">Bulletin n\u00b0475 d\u00e9cembre 2025<\/span><\/strong><\/a><\/p>\n<p><a href=\"https:\/\/snudifo84.com\/wp-content\/uploads\/2025\/11\/Bulletin-n\u00b0474-octobre-2025.pdf\"><strong><span style=\"color: #0000ff;\">Bulletin n\u00b0474 octobre 2025<\/span><\/strong><\/a><\/p>\n<p><strong><span style=\"color: #0000ff;\"><a style=\"color: #0000ff;\" href=\"https:\/\/snudifo84.com\/wp-content\/uploads\/2025\/05\/Bulletin-n\u00b0469-mai-2025-mail.pdf\">Bulletin n\u00b0469 mai 2025<\/a><\/span><\/strong><\/p>\n<p><a href=\"https:\/\/snudifo84.com\/wp-content\/uploads\/2025\/03\/Memento-mouvement-2025-pour-le-site.pdf\"><span style=\"color: #0000ff;\"><strong>Bulletin n\u00b0467 mars 2025<\/strong><\/span><\/a><\/p>\n<p><a href=\"https:\/\/snudifo84.com\/wp-content\/uploads\/2025\/02\/Bulletin-n\u00b0465-JANVIER-2025.pdf\"><span style=\"color: #0000ff;\"><strong>Bulletin n\u00b0465 janvier 2025<\/strong><\/span><\/a><\/p>\n<p><a href=\"https:\/\/snudifo84.com\/wp-content\/uploads\/2024\/10\/Bulletin-n\u00b0462-octobre-2024-mail.pdf\"><span style=\"color: #0000ff;\"><strong>Bulletin n\u00b0462 octobre 2024<\/strong><\/span><\/a><\/p>\n<p><a href=\"https:\/\/snudifo84.com\/wp-content\/uploads\/2024\/09\/Bulletin-n\u00b0460.pdf\"><span style=\"color: #0000ff;\"><strong>Bulletin n\u00b0460 ao\u00fbt 2024<\/strong><\/span><\/a><\/p>\n<p><span style=\"color: #0000ff;\"><a style=\"color: #0000ff;\" href=\"https:\/\/snudifo84.com\/wp-content\/uploads\/2024\/06\/Bulletin-n\u00b0457-mai-2024.pdf\"><strong>Bulletin n\u00b0457 mai 2024<\/strong><\/a><\/span><\/p>\n<p><span style=\"color: #0000ff;\"><a style=\"color: #0000ff;\" href=\"https:\/\/snudifo84.com\/wp-content\/uploads\/2024\/02\/Bulletin-n\u00b0453-janvier-2024-mail.pdf\"><strong>Bulletin n\u00b0453 janvier 2024<\/strong><\/a><\/span><\/p>\n<p><span style=\"color: #0000ff;\"><a style=\"color: #0000ff;\" href=\"https:\/\/snudifo84.com\/wp-content\/uploads\/2023\/12\/Bulletin-n\u00b0450-octobre-2023.pdf\"><strong>Bulletin n\u00b0450 octobre 2023<\/strong><\/a><\/span><\/p>\n<p><a href=\"https:\/\/snudifo84.com\/wp-content\/uploads\/2023\/10\/Bulletin-n\u00b0449-septembre-2023.pdf\"><span style=\"color: #0000ff;\"><strong>Bulletin n\u00b0449 septembre 2023<\/strong><\/span><\/a><\/p>\n<p><a href=\"https:\/\/snudifo84.com\/wp-content\/uploads\/2023\/07\/Bulletin-n\u00b0446-juin-2023-mail.pdf\"><span style=\"color: #0000ff;\"><strong>Bulletin n\u00b0446 juin 2023<\/strong><\/span><\/a><\/p>\n<p><strong><span style=\"color: #ff0000;\"><a href=\"https:\/\/snudifo84.com\/wp-content\/uploads\/2023\/07\/230608-Resolution-Congres-SNUDI-FO-Angers.pdf\"><span style=\"color: #ff0000;\">R\u00e9solution g\u00e9n\u00e9rale du congr\u00e8s national du SNUDI-FO<\/span><\/a> <span style=\"color: #000000;\">(Angers &#8211; 7 et 8 juin 2023)<\/span><\/span><\/strong><\/p>\n<p><strong><span style=\"color: #ff0000;\"><a style=\"color: #ff0000;\" href=\"https:\/\/snudifo84.com\/wp-content\/uploads\/2023\/07\/Resolution-generale-19eme-Congres-de-la-FNEC-FP-FO-Angers.pdf\">R\u00e9solution g\u00e9n\u00e9rale du congr\u00e8s national de la F\u00e9d\u00e9ration de l&rsquo;Enseignement (FNEC FP &#8211; FO)<\/a> <span style=\"color: #000000;\">(Angers &#8211; 5,6 et 9 juin 2023)<\/span><\/span><\/strong><\/p>\n<p><strong><span style=\"color: #ff0000;\"><a style=\"color: #ff0000;\" href=\"https:\/\/snudifo84.com\/wp-content\/uploads\/2023\/07\/Resolution-sociale-19eme-Congres-de-la-FNEC-FP-FO-Angers.pdf\">R\u00e9solution sociale du congr\u00e8s national de la F\u00e9d\u00e9ration de l&rsquo;Enseignement (FNEC FP &#8211; FO)<\/a> <span style=\"color: #000000;\">(Angers &#8211; 5,6 et 9 juin 2023)<\/span><\/span><\/strong><\/p>\n<p><a href=\"https:\/\/snudifo84.com\/wp-content\/uploads\/2023\/06\/Bulletin-n\u00b0445-Mai-2023-mail.pdf\"><span style=\"color: #0000ff;\"><strong>Bulletin n\u00b0 445 mai 2023<\/strong><\/span><\/a><\/p>\n<p><span style=\"color: #0000ff;\"><strong><a style=\"color: #0000ff;\" href=\"https:\/\/snudifo84.com\/wp-content\/uploads\/2023\/06\/Bulletin-n\u00b0-442-fevrier-2023-Memento-MOUVEMENT.pdf\">Bulletin n\u00b0 442 f\u00e9vrier 2023 M\u00e9mento MOUVEMENT<\/a>\u00a0<\/strong><\/span><\/p>\n<p><span style=\"color: #0000ff;\"><strong><a style=\"color: #0000ff;\" href=\"https:\/\/snudifo84.com\/wp-content\/uploads\/2022\/11\/Bulletin-n\u00b0-439-sup.-1-nov.-2022-mail.pdf\">Bulletin n\u00b0 439 novembre 2022<\/a><\/strong><\/span><\/p>\n<p><span style=\"color: #0000ff;\"><strong><a style=\"color: #0000ff;\" href=\"https:\/\/snudifo84.com\/wp-content\/uploads\/2022\/09\/Bulletin-n%C2%B0-437-oct-2022-mail-allege.pdf\">Bulletin n\u00b0 437 octobre 2022<\/a>\u00a0<\/strong><\/span><\/p>\n<p><strong><span style=\"color: #0000ff;\"><a style=\"color: #0000ff;\" href=\"https:\/\/snudifo84.com\/wp-content\/uploads\/2022\/09\/220908-Journal-special-remplacants.pdf\">Journal sp\u00e9cial titulaires rempla\u00e7ants sept 2022<\/a><\/span><\/strong><\/p>\n<p><strong><span style=\"color: #0000ff;\"><a style=\"color: #0000ff;\" href=\"https:\/\/snudifo84.com\/wp-content\/uploads\/2022\/08\/Bulletin-n%C2%B0-435-aout-2022.pdf\">Bulletin n\u00b0 435 ao\u00fbt 2022<\/a> \u00a0<\/span><\/strong><\/p>\n<p><span style=\"color: #0000ff;\"><strong><a href=\"https:\/\/snudifo84.com\/wp-content\/uploads\/2022\/06\/Bulletin-n\u00b0-433-juin-2022.pdf\"><span style=\"color: #0000ff;\">Bulletin n\u00b0 433 juin 2022<\/span><\/a><br \/>\n<\/strong><\/span><strong><span style=\"color: #ff0000;\"><a style=\"color: #ff0000;\" href=\"https:\/\/snudifo84.com\/wp-content\/uploads\/2022\/06\/Resolution-AG-SNUDI-FO-84-10.06.2022.pdf\">R\u00e9solution du congr\u00e8s du SNUDI-FO 84 du 10 juin 2022<\/a><\/span><\/strong><\/p>\n<p><span style=\"color: #0000ff;\"><strong><a style=\"color: #0000ff;\" href=\"https:\/\/snudifo84.com\/wp-content\/uploads\/2022\/05\/Bulletin-n\u00b0-432-mai-2022-mail.pdf\">Bulletin n\u00b0 432 mai 2022<\/a><\/strong><\/span><\/p>\n<p><span style=\"color: #0000ff;\"><strong><a href=\"https:\/\/snudifo84.com\/wp-content\/uploads\/2021\/11\/Bulletin-n%C2%B0-426-novembre-2021-mail.pdf\"><span style=\"color: #0000ff;\">Bulletin n\u00b0 426 novembre 2021<\/span><\/a><span style=\"color: #0000ff;\"> \u00a0<\/span><\/strong><\/span><\/p>\n<p><span style=\"color: #0000ff;\"><strong><a style=\"color: #0000ff;\" href=\"https:\/\/snudifo84.com\/wp-content\/uploads\/2021\/06\/Bulletin-n\u00b0-422-juillet-2021.pdf\">Bulletin n\u00b0 422 juillet 2021<\/a><\/strong><\/span><\/p>\n<p><span style=\"color: #0000ff;\"><strong><span style=\"color: #0000ff;\"><a style=\"color: #0000ff;\" href=\"https:\/\/snudifo84.com\/wp-content\/uploads\/2021\/05\/Bulletin-n\u00b0-419-avril-2021.pdf\">Bulletin n\u00b0 419 &#8211; avril 2021<\/a>\u00a0\u00a0<\/span><\/strong><\/span><\/p>\n<p><a href=\"https:\/\/snudifo84.com\/wp-content\/uploads\/2021\/04\/Bulletin-n\u00b0-418-mars-2021.pdf\"><span style=\"color: #0000ff;\"><strong>Bulletin n\u00b0 418 &#8211; mars 2021\u00a0\u00a0<\/strong><\/span><\/a><\/p>\n<p><strong><span style=\"color: #0000ff;\"><a style=\"color: #0000ff;\" href=\"https:\/\/snudifo84.com\/wp-content\/uploads\/2021\/04\/Bulletin-n\u00b0-417-fevrier-2021-Memento-Mouvement.pdf\">Bulletin n\u00b0 417 &#8211; f\u00e9vrier 2021<\/a><\/span><\/strong><\/p>\n<p><strong><span style=\"color: #0000ff;\"><a style=\"color: #0000ff;\" href=\"https:\/\/snudifo84.com\/wp-content\/uploads\/2020\/11\/Bulletin-n%C2%B0-416-janvier-2021.pdf\">Bulletin n\u00b0 416 &#8211; janvier\u00a0 2021<\/a>\u00a0 \u00a0\u00a0<\/span><\/strong><\/p>\n<p><span style=\"color: #0000ff;\"><strong><a style=\"color: #0000ff;\" href=\"https:\/\/snudifo84.com\/wp-content\/uploads\/2020\/12\/Bulletin-n\u00b0-415-decembre-2020.pdf\">Bulletin n\u00b0 415 &#8211; d\u00e9cembre 2020<\/a><\/strong><\/span><\/p>\n<p>&nbsp;<\/p>\n","protected":false},"excerpt":{"rendered":"<p>Bulletin n\u00b0475 d\u00e9cembre 2025 Bulletin n\u00b0474 octobre 2025 Bulletin n\u00b0469 mai 2025 Bulletin n\u00b0467 mars 2025 Bulletin n\u00b0465 janvier 2025 Bulletin n\u00b0462 octobre 2024 Bulletin n\u00b0460 ao\u00fbt 2024 Bulletin n\u00b0457 mai 2024 Bulletin n\u00b0453 janvier 2024 Bulletin n\u00b0450 octobre 2023 Bulletin n\u00b0449 septembre 2023 Bulletin n\u00b0446 juin 2023 R\u00e9solution g\u00e9n\u00e9rale&#8230;<br \/><a class=\"read-more-button\" href=\"https:\/\/snudifo84.com\/index.php\/presse-positions\/\">Read more<\/a><\/p>\n","protected":false},"author":1,"featured_media":0,"parent":0,"menu_order":0,"comment_status":"closed","ping_status":"closed","template":"","meta":{"footnotes":""},"class_list":["post-447","page","type-page","status-publish","hentry"],"_links":{"self":[{"href":"https:\/\/snudifo84.com\/index.php\/wp-json\/wp\/v2\/pages\/447","targetHints":{"allow":["GET"]}}],"collection":[{"href":"https:\/\/snudifo84.com\/index.php\/wp-json\/wp\/v2\/pages"}],"about":[{"href":"https:\/\/snudifo84.com\/index.php\/wp-json\/wp\/v2\/types\/page"}],"author":[{"embeddable":true,"href":"https:\/\/snudifo84.com\/index.php\/wp-json\/wp\/v2\/users\/1"}],"replies":[{"embeddable":true,"href":"https:\/\/snudifo84.com\/index.php\/wp-json\/wp\/v2\/comments?post=447"}],"version-history":[{"count":64,"href":"https:\/\/snudifo84.com\/index.php\/wp-json\/wp\/v2\/pages\/447\/revisions"}],"predecessor-version":[{"id":3993,"href":"https:\/\/snudifo84.com\/index.php\/wp-json\/wp\/v2\/pages\/447\/revisions\/3993"}],"wp:attachment":[{"href":"https:\/\/snudifo84.com\/index.php\/wp-json\/wp\/v2\/media?parent=447"}],"curies":[{"name":"wp","href":"https:\/\/api.w.org\/{rel}","templated":true}]}}