{"id":2413,"date":"2023-06-27T18:00:00","date_gmt":"2023-06-27T16:00:00","guid":{"rendered":"https:\/\/snudifo84.com\/?page_id=2413"},"modified":"2023-06-27T19:11:38","modified_gmt":"2023-06-27T17:11:38","slug":"mentions-legales","status":"publish","type":"page","link":"https:\/\/snudifo84.com\/index.php\/mentions-legales\/","title":{"rendered":"Mentions l\u00e9gales"},"content":{"rendered":"<h3 class=\"spip\">\u00c9diteur<\/h3>\n<p>Le site <a href=\"https:\/\/snudifo84.com\/\">snudifo84.com<\/a> est \u00e9dit\u00e9 par le SNUDI-FO Vaucluse et publi\u00e9 sous la direction de Blaise Laurent (Co-secr\u00e9taire d\u00e9partemental du SNUDI-FO Vaucluse).<br class=\"autobr\" \/>L\u2019ensemble du site SNUDI-FO Vaucluse, pages et contenus, est la propri\u00e9t\u00e9 du SNUDI-FO Vaucluse.<\/p>\n<p>Pour plus d\u2019informations,\u00a0contactez-nous : snudi.fo84@free.fr<\/p>\n<p><strong>SNUDI-FO Vaucluse<\/strong><br class=\"autobr\" \/>Site officiel du Syndicat National Unifi\u00e9 des Directeurs, Instituteurs, professeurs des \u00e9coles, psychologues et AESH de l&rsquo;enseignement du 1er degr\u00e9 public &#8211; Force Ouvri\u00e8re du Vaucluse<br \/>\nCo-secr\u00e9taires d\u00e9partementaux du SNUDI-FO Vaucluse: FARRET-GRAVEZ Sophie, LANGLET Tanguy, LAURENT Blaise.<br class=\"autobr\" \/>Si\u00e8ge : 20 Avenue Monclar &#8211; BP80010 &#8211; 84 004 Avignon cedex 01<br \/>\n04 90 86 65 80<br \/>\nsnudifo84.com<\/p>\n<h3 class=\"spip\">H\u00e9bergement<\/h3>\n<p>Le site du SNUDI-FO Vaucluse est h\u00e9berg\u00e9 par OVH. Le SNUDI-FO Vaucluse d\u00e9cline toute responsabilit\u00e9 quant aux \u00e9ventuelles interruptions du site <a href=\"https:\/\/snudifo84.com\/\">snudifo84.com<\/a> et de ses services.<\/p>\n<h3 class=\"spip\">Conception \/ D\u00e9veloppement<\/h3>\n<p>La conception et la charte graphique du site ont \u00e9t\u00e9 r\u00e9alis\u00e9es par Jacques Fassi\u00e9 et Blaise Laurent.<\/p>\n<h3 class=\"spip\">Fonctionnement du\u00a0site<\/h3>\n<p>Les pages et le contenu de ce site sont g\u00e9n\u00e9r\u00e9s par le logiciel libre WordPress, distribu\u00e9 sous licence GNU \/ GPL (Licence Publique G\u00e9n\u00e9rale). Pour plus d\u2019informations, reportez-vous au site\u00a0:\u00a0<a href=\"https:\/\/fr.wordpress.org\/\">https:\/\/fr.wordpress.org\/<\/a><\/p>\n<h3 class=\"spip\">Contenus et droits de reproduction<\/h3>\n<p>En application des articles L. 111\u20131 et L. 123\u20131 du Code de la Propri\u00e9t\u00e9 Intellectuelle, l\u2019ensemble des contenus de ce site (textes, images, vid\u00e9os et tout m\u00e9dia en g\u00e9n\u00e9ral), sauf mention contraire explicite, est prot\u00e9g\u00e9 par le droit d\u2019auteur. La reproduction, m\u00eame partielle, des contenus des pages de ce site sans accord pr\u00e9alable du SNUDI-FO Vaucluse est strictement interdite.<\/p>\n<p>La reproduction, m\u00eame partielle, des contenus des pages de ce site sans accord pr\u00e9alable est strictement interdite (les courtes citations sont autoris\u00e9es par le droit fran\u00e7ais pour commentaires et critiques, tant que ceux-ci y\u00a0sont strictement concomitants et que sont pr\u00e9cis\u00e9s l\u2019auteur original et le lien Internet vers la page source).<\/p>\n<h2 class=\"spip\">Gestion des donn\u00e9es personnelles<\/h2>\n<h4 class=\"spip\">Protection des donn\u00e9es personnelles<\/h4>\n<p>Le SNUDI-FO Vaucluse s\u2019engage, dans le cadre de ses activit\u00e9s et conform\u00e9ment \u00e0 la l\u00e9gislation en vigueur en France et en Europe, \u00e0 assurer la protection, la confidentialit\u00e9 et la s\u00e9curit\u00e9 des donn\u00e9es \u00e0 caract\u00e8re personnel des utilisateurs de ses services, ainsi qu\u2019\u00e0 respecter leur vie priv\u00e9e.<\/p>\n<p>Le SNUDI-FO Vaucluse traite les donn\u00e9es personnelles pour des finalit\u00e9s d\u00e9termin\u00e9es, explicites et l\u00e9gitimes.<\/p>\n<p>Le SNUDI-FO Vaucluse ne traite pas ces donn\u00e9es de mani\u00e8re incompatible avec ces finalit\u00e9s.<\/p>\n<p>Les informations recueillies sont destin\u00e9es \u00e0 son propre usage.\u200b\u200b\u200b\u200b\u200b\u200b\u200b<\/p>\n<p>A cet effet, les finalit\u00e9s poursuivies par le SNUDI-FO Vaucluse sont les suivantes :<\/p>\n<ul>\n<li>envoyer des documents, des analyses, des sondages<\/li>\n<li>informer et communiquer sur des \u00e9v\u00e8nements, des actualit\u00e9s,<\/li>\n<li>contacter les personnes dans le cadre de la d\u00e9fense d\u2019un dossier, l\u2019appui et l\u2019accompagnement d\u2019une n\u00e9gociation, d\u2019une demande faite par le biais de notre adresse \u00e9lectronique snudi.fo84@free.fr<\/li>\n<li>g\u00e9rer les abonnements \u00e0 la newsletter,<\/li>\n<li>exploiter la fr\u00e9quentation \u00e0 des fins statistiques du site<\/li>\n<li>g\u00e9rer les mandats SNUDI-FO Vaucluse<\/li>\n<\/ul>\n<p>Les donn\u00e9es sont conserv\u00e9es pour la dur\u00e9e n\u00e9cessaire \u00e0 l\u2019accomplissement des finalit\u00e9s mentionn\u00e9es ci-dessus plus une p\u00e9riode de trois ans.<\/p>\n<p>Elles sont ensuite archiv\u00e9es selon les proc\u00e9dures propres au SNUDI-FO Vaucluse.<\/p>\n<h2>Demandes d\u2019exercice du droit d\u2019acc\u00e8s, rectification, opposition et suppression<\/h2>\n<p>Vous pouvez faire valoir votre droit d\u2019acc\u00e8s aux donn\u00e9es vous concernant, les faire rectifier ou demander la limitation de leur traitement en contactant le SNUDI-FO Vaucluse :<\/p>\n<p>\u00e0 l\u2019adresse postale suivante : FO \u2013 20 Avenue Monclar &#8211; BP80010 &#8211; 84 004 Avignon cedex 01<\/p>\n<p>ou<\/p>\n<p>par mail \u00e0 l\u2019adresse suivante : snudi.fo84@free.fr<\/p>\n<p>\u00a9 Copyright 2023 SNUDI-FO Vaucluse | Tous droits r\u00e9serv\u00e9s.<\/p>\n","protected":false},"excerpt":{"rendered":"<p>\u00c9diteur Le site snudifo84.com est \u00e9dit\u00e9 par le SNUDI-FO Vaucluse et publi\u00e9 sous la direction de Blaise Laurent (Co-secr\u00e9taire d\u00e9partemental du SNUDI-FO Vaucluse).L\u2019ensemble du site SNUDI-FO Vaucluse, pages et contenus, est la propri\u00e9t\u00e9 du SNUDI-FO Vaucluse. Pour plus d\u2019informations,\u00a0contactez-nous : snudi.fo84@free.fr SNUDI-FO VaucluseSite officiel du Syndicat National Unifi\u00e9 des Directeurs,&#8230;<br \/><a class=\"read-more-button\" href=\"https:\/\/snudifo84.com\/index.php\/mentions-legales\/\">Read more<\/a><\/p>\n","protected":false},"author":1,"featured_media":0,"parent":0,"menu_order":0,"comment_status":"closed","ping_status":"closed","template":"","meta":{"footnotes":""},"class_list":["post-2413","page","type-page","status-publish","hentry"],"_links":{"self":[{"href":"https:\/\/snudifo84.com\/index.php\/wp-json\/wp\/v2\/pages\/2413","targetHints":{"allow":["GET"]}}],"collection":[{"href":"https:\/\/snudifo84.com\/index.php\/wp-json\/wp\/v2\/pages"}],"about":[{"href":"https:\/\/snudifo84.com\/index.php\/wp-json\/wp\/v2\/types\/page"}],"author":[{"embeddable":true,"href":"https:\/\/snudifo84.com\/index.php\/wp-json\/wp\/v2\/users\/1"}],"replies":[{"embeddable":true,"href":"https:\/\/snudifo84.com\/index.php\/wp-json\/wp\/v2\/comments?post=2413"}],"version-history":[{"count":4,"href":"https:\/\/snudifo84.com\/index.php\/wp-json\/wp\/v2\/pages\/2413\/revisions"}],"predecessor-version":[{"id":2418,"href":"https:\/\/snudifo84.com\/index.php\/wp-json\/wp\/v2\/pages\/2413\/revisions\/2418"}],"wp:attachment":[{"href":"https:\/\/snudifo84.com\/index.php\/wp-json\/wp\/v2\/media?parent=2413"}],"curies":[{"name":"wp","href":"https:\/\/api.w.org\/{rel}","templated":true}]}}