{"id":191,"date":"2020-08-29T20:30:49","date_gmt":"2020-08-29T18:30:49","guid":{"rendered":"http:\/\/snudifo84.com\/?page_id=191"},"modified":"2026-01-29T10:34:20","modified_gmt":"2026-01-29T09:34:20","slug":"pour-adherer-2","status":"publish","type":"page","link":"https:\/\/snudifo84.com\/index.php\/pour-adherer-2\/","title":{"rendered":"Pour adh\u00e9rer"},"content":{"rendered":"<p style=\"text-align: left;\">En devenant adh\u00e9rent(e), tu prends la d\u00e9cision de renforcer l&rsquo;instrument de d\u00e9fense de nos droits individuels et collectifs, ce qui nous permet de peser davantage sur l&rsquo;Administration. C&rsquo;est gr\u00e2ce \u00e0 l&rsquo;ensemble de nos syndiqu\u00e9s que nous pouvons \u00eatre totalement ind\u00e9pendants (nous ne recevons aucune subvention) et que le SNUDI-FO est le 1er syndicat des \u00e9coles publiques de Vaucluse depuis 2011. Tu trouveras ci-dessous les informations n\u00e9cessaires au versement de ta cotisation.<\/p>\n<h2 style=\"text-align: center;\"><span style=\"color: #339966;\">66% du montant sont d\u00e9ductibles des imp\u00f4ts ou donnent lieu \u00e0 un cr\u00e9dit d\u2019imp\u00f4t<\/span><\/h2>\n<p>&nbsp;<\/p>\n<h2 style=\"text-align: center;\"><span style=\"color: #0000ff;\"><strong>Pour adh\u00e9rer, vous avez trois possibilit\u00e9s :<\/strong><\/span><\/h2>\n<hr \/>\n<h1 style=\"text-align: center;\"><span style=\"color: #ff0000;\">1\/ Adh\u00e9sion par pr\u00e9l\u00e8vements<\/span><\/h1>\n<h2 style=\"text-align: center;\">Vous avez la possibilit\u00e9 d\u2019\u00eatre pr\u00e9lev\u00e9 en <span style=\"color: #ff0000;\"><span style=\"color: #000000;\">1, 3, 5 ou<\/span> 10 fois<\/span>.<br \/>\nLes pr\u00e9l\u00e8vements seront effectu\u00e9s en d\u00e9but de mois.<\/h2>\n<h2 style=\"text-align: center;\"><span style=\"color: #ff0000;\">Renseigner<\/span>\u00a0<span style=\"color: #3366ff;\"><a style=\"color: #3366ff;\" href=\"https:\/\/snudifo84.com\/wp-content\/uploads\/2025\/01\/fiche-adhesion-2025-avec-prelevement-sepa.pdf\">la fiche d\u2019adh\u00e9sion (t\u00e9l\u00e9chargeable &gt;ici&lt;)<\/a>\u00a0<\/span>et<br \/>\nnous la renvoyer (par mail ou par courrier) accompagn\u00e9e d\u2019un\u00a0<span style=\"color: #ff0000;\">RIB.<\/span><\/h2>\n<h2 style=\"text-align: center;\"><strong>Le renouvellement de l&rsquo;adh\u00e9sion par pr\u00e9l\u00e8vement est automatique (arr\u00eat sur simple demande \u00e0 \u00e9ch\u00e9ance).<\/strong><\/h2>\n<hr \/>\n<h1 style=\"text-align: center;\"><a href=\"https:\/\/boutique.macotisation.fr\/formulaire\/SNUDI-FO-Vaucluse\/Adhesion-au-SNUDI-FO-vaucluse\/YbLYYBdr\"><strong>2\/ Adh\u00e9sion en ligne &gt;ici&lt;<\/strong><\/a><\/h1>\n<h2 style=\"text-align: center;\"><a href=\"https:\/\/boutique.macotisation.fr\/formulaire\/SNUDI-FO-Vaucluse\/Adhesion-au-SNUDI-FO-vaucluse\/YbLYYBdr\"><strong>https:\/\/boutique.macotisation.fr\/formulaire\/SNUDI-FO-Vaucluse\/Adhesion-au-SNUDI-FO-vaucluse\/YbLYYBdr<\/strong><\/a><\/h2>\n<p style=\"text-align: center;\"><strong><br \/>\nVous pouvez effectuer plusieurs versements (jusqu&rsquo;\u00e0 5).<br \/>\nAttention, en cas de plusieurs versements, veillez \u00e0 ce que la validit\u00e9<br \/>\nde votre carte de paiement ne se termine pas dans la p\u00e9riode des pr\u00e9l\u00e8vements.<\/strong><\/p>\n<p style=\"text-align: center;\"><strong>Attention, pour les temps partiels,\u00a0il faut \u00e9crire dans la page 2 du formulaire :<br \/>\nTemps partiel 50%\u00a0\u00bb ou \u00ab\u00a0Temps partiel 75%\u00a0\u00bb ou \u00ab\u00a0Temps partiel 80%\u00a0\u00bb<br \/>\ndans la case \u00ab\u00a0code promo\u00a0\u00bb\u00a0et la r\u00e9duction sera automatiquement calcul\u00e9e.<\/strong><\/p>\n<p style=\"text-align: center;\"><strong>La d\u00e9marche se fait en 3 \u00e9tapes ; consultez le tutoriel :<\/strong><\/p>\n<div style=\"width: 734px;\" class=\"wp-video\"><video class=\"wp-video-shortcode\" id=\"video-191-1\" width=\"734\" height=\"413\" poster=\"https:\/\/snudifo84.com\/wp-content\/uploads\/2025\/06\/Capture-decran-2025-06-11-145801.png\" preload=\"metadata\" controls=\"controls\"><source type=\"video\/mp4\" src=\"https:\/\/snudifo84.com\/wp-content\/uploads\/2025\/06\/www.snudi_.mp4?_=1\" \/><a href=\"https:\/\/snudifo84.com\/wp-content\/uploads\/2025\/06\/www.snudi_.mp4\">https:\/\/snudifo84.com\/wp-content\/uploads\/2025\/06\/www.snudi_.mp4<\/a><\/video><\/div>\n<p style=\"text-align: center;\"><a href=\"https:\/\/snudifo84.com\/wp-content\/uploads\/2025\/06\/Capture-decran-2025-06-11-145801.png\">https:\/\/snudifo84.com\/wp-content\/uploads\/2025\/06\/Capture-decran-2025-06-11-145801.png<\/a><\/p>\n<p>&nbsp;<\/p>\n<hr \/>\n<h1 style=\"text-align: center;\">3\/ Formulaire d&rsquo;adh\u00e9sion papier<br \/>\navec le <a href=\"https:\/\/snudifo84.com\/wp-content\/uploads\/2024\/09\/Fiche-individuelle-de-syndicalisation-2024-2025.pdf\"><span style=\"color: #ff0000;\"><strong>Montant des cotisations<\/strong><\/span><\/a><\/h1>\n<h2 style=\"text-align: center;\">Vous pourrez r\u00e9gler votre cotisation en nous adressant <span style=\"color: #ff0000;\">jusqu&rsquo;\u00e0 10 ch\u00e8ques <span style=\"color: #000000;\">(inscrire la date d&rsquo;encaissement au verso)<\/span><\/span><\/h2>\n<p>&nbsp;<\/p>\n<p style=\"text-align: center;\"><b><span style=\"color: #ff0000; font-size: large;\">Se syndiquer donne des droits<\/span><\/b><br \/>\n<i><br \/>\n&#8211; \u00eatre inform\u00e9 et d\u00e9fendu en priorit\u00e9 en cas de besoin,<br \/>\n&#8211; \u00eatre aid\u00e9 par le fonds conf\u00e9d\u00e9ral de solidarit\u00e9 en cas de gr\u00e8ve longue <\/i><i>comme lors de la contre-r\u00e9forme Macron-Borne des retraites,<br \/>\n&#8211; \u00eatre conseill\u00e9 par les experts de l&rsquo;AFOC (Association FO des Consommateurs)<br \/>\n&#8211; participer \u00e0 la d\u00e9finition des orientations du syndicat et aux prises de d\u00e9cisions&#8230;<\/i><\/p>\n<p style=\"text-align: center;\"><i><b>L&rsquo;adh\u00e9sion vaut pour un an, de date \u00e0 date.<\/b><br \/>\n66% du montant de la cotisation vous sont rembours\u00e9s par le Tr\u00e9sor public.\u00a0<\/i><\/p>\n<h1 style=\"text-align: center;\"><img loading=\"lazy\" decoding=\"async\" class=\"aligncenter wp-image-3437\" src=\"https:\/\/snudifo84.com\/wp-content\/uploads\/2024\/11\/c_est_pas_par_defaut_jpg__1957720-975x1024.jpg\" alt=\"\" width=\"533\" height=\"560\" srcset=\"https:\/\/snudifo84.com\/wp-content\/uploads\/2024\/11\/c_est_pas_par_defaut_jpg__1957720-975x1024.jpg 975w, https:\/\/snudifo84.com\/wp-content\/uploads\/2024\/11\/c_est_pas_par_defaut_jpg__1957720-286x300.jpg 286w, https:\/\/snudifo84.com\/wp-content\/uploads\/2024\/11\/c_est_pas_par_defaut_jpg__1957720-768x807.jpg 768w, https:\/\/snudifo84.com\/wp-content\/uploads\/2024\/11\/c_est_pas_par_defaut_jpg__1957720-1463x1536.jpg 1463w, https:\/\/snudifo84.com\/wp-content\/uploads\/2024\/11\/c_est_pas_par_defaut_jpg__1957720-1170x1229.jpg 1170w, https:\/\/snudifo84.com\/wp-content\/uploads\/2024\/11\/c_est_pas_par_defaut_jpg__1957720.jpg 1714w\" sizes=\"auto, (max-width: 533px) 100vw, 533px\" \/><\/h1>\n","protected":false},"excerpt":{"rendered":"<p>En devenant adh\u00e9rent(e), tu prends la d\u00e9cision de renforcer l&rsquo;instrument de d\u00e9fense de nos droits individuels et collectifs, ce qui nous permet de peser davantage sur l&rsquo;Administration. C&rsquo;est gr\u00e2ce \u00e0 l&rsquo;ensemble de nos syndiqu\u00e9s que nous pouvons \u00eatre totalement ind\u00e9pendants (nous ne recevons aucune subvention) et que le SNUDI-FO est&#8230;<br \/><a class=\"read-more-button\" href=\"https:\/\/snudifo84.com\/index.php\/pour-adherer-2\/\">Read more<\/a><\/p>\n","protected":false},"author":1,"featured_media":0,"parent":0,"menu_order":0,"comment_status":"closed","ping_status":"closed","template":"","meta":{"footnotes":""},"class_list":["post-191","page","type-page","status-publish","hentry"],"_links":{"self":[{"href":"https:\/\/snudifo84.com\/index.php\/wp-json\/wp\/v2\/pages\/191","targetHints":{"allow":["GET"]}}],"collection":[{"href":"https:\/\/snudifo84.com\/index.php\/wp-json\/wp\/v2\/pages"}],"about":[{"href":"https:\/\/snudifo84.com\/index.php\/wp-json\/wp\/v2\/types\/page"}],"author":[{"embeddable":true,"href":"https:\/\/snudifo84.com\/index.php\/wp-json\/wp\/v2\/users\/1"}],"replies":[{"embeddable":true,"href":"https:\/\/snudifo84.com\/index.php\/wp-json\/wp\/v2\/comments?post=191"}],"version-history":[{"count":32,"href":"https:\/\/snudifo84.com\/index.php\/wp-json\/wp\/v2\/pages\/191\/revisions"}],"predecessor-version":[{"id":4089,"href":"https:\/\/snudifo84.com\/index.php\/wp-json\/wp\/v2\/pages\/191\/revisions\/4089"}],"wp:attachment":[{"href":"https:\/\/snudifo84.com\/index.php\/wp-json\/wp\/v2\/media?parent=191"}],"curies":[{"name":"wp","href":"https:\/\/api.w.org\/{rel}","templated":true}]}}